{"id":2,"date":"2022-03-12T12:12:34","date_gmt":"2022-03-12T11:12:34","guid":{"rendered":"http:\/\/lecompagnonrouge.fr\/?page_id=2"},"modified":"2026-03-28T12:09:05","modified_gmt":"2026-03-28T11:09:05","slug":"page-d-acceuil","status":"publish","type":"page","link":"https:\/\/lecompagnonrouge.fr\/","title":{"rendered":"Le Compagnon rouge."},"content":{"rendered":"\n<h2 class=\"wp-block-heading has-text-align-right\">M\u00e9mo pour la flore rud\u00e9rale ou anthropique<\/h2>\n\n\n\n<h2 class=\"wp-block-heading has-text-align-right\">De la Manche \u00e0 la Creuse.<\/h2>\n\n\n\n<p><\/p>\n\n\n\n<p><\/p>\n\n\n\n<h3 class=\"wp-block-heading has-medium-font-size\"><strong>Objet:<\/strong><\/h3>\n\n\n\n<p class=\"has-medium-font-size\">Parfois, les d\u00e9buts de saisons pour la botanique r\u00e9clament une attention plus importante &#8230; On a un peu oubli\u00e9. Et la fatigue peut plus vite s&rsquo;exprimer.<\/p>\n\n\n\n<p class=\"has-medium-font-size\">Un grand nombre d&rsquo;indices, un grand nombre de petits d\u00e9tails en somme, permettent l&rsquo;identification de telle ou telle plante. Le plus souvent, c&rsquo;est assez curieux, mais on s&rsquo;en souvient. Parfois on h\u00e9site, plus rarement (mais le plus souvent en fin de journ\u00e9e), il y a comme un brouillard.<\/p>\n\n\n\n<p class=\"has-medium-font-size\">Finalement c&rsquo;est l\u00e0 l&rsquo;utilit\u00e9 des guides. Les guides sont toutefois plus lourds \u00e0 porter que la 5G dans la poche de son veston.<\/p>\n\n\n\n<p class=\"has-medium-font-size\">J&rsquo;essaye ici un tel \u00ab\u00a0guide\u00a0\u00bb mais sans la pr\u00e9tention. Simplement il s&rsquo;agit de tenter de palier aux erreurs courantes, \u00e0 la fatigue, \u00e0 l&rsquo;inattention. En apportant une plus grande importance donc aux images. Mais il peut arriver que des fiches soient assez enrichies.<\/p>\n\n\n\n<p class=\"has-medium-font-size\">Le site traite une r\u00e9gion qui vaut de la Manche \u00e0 la Creuse, en s&rsquo;attardant lourdement sur Paris.<\/p>\n\n\n\n<h3 class=\"wp-block-heading has-medium-font-size\"><strong>S\u00e9curit\u00e9:<\/strong><\/h3>\n\n\n\n<p class=\"has-medium-font-size\">Bien que de marque US, ce blog est r\u00e9put\u00e9 \u00eatre h\u00e9berg\u00e9 en France. La technologie europ\u00e9enne en mati\u00e8re de NTIC en g\u00e9n\u00e9ral semble accuser un peu de retard. Etant donn\u00e9s les risques, on observe. Etant donn\u00e9 la r\u00e9action du chef d&rsquo;Etat en France , on peut commencer \u00e0 craindre par ailleurs qu&rsquo;un \u00e9quilibre ne puisse se trouver n\u00e9cessairement de ce c\u00f4t\u00e9 l\u00e0 non plus.<\/p>\n\n\n\n<h3 class=\"wp-block-heading has-medium-font-size\"><strong>Navigation:<\/strong><\/h3>\n\n\n\n<ul class=\"wp-block-list\">\n<li>La page <a href=\"https:\/\/lecompagnonrouge.fr\/?page_id=262\">Taxons<\/a> (qui devrait \u00eatre Taxa pour faire un beau latin de garenne) pr\u00e9sente les plantes au fil de leurs publications &#8230;<\/li>\n\n\n\n<li>La page <a href=\"https:\/\/lecompagnonrouge.fr\/?page_id=324\">Index<\/a>, suivie de la bibliographie, est la page pratique classique: liste par familles et esp\u00e8ces.<\/li>\n\n\n\n<li>La page <a href=\"https:\/\/lecompagnonrouge.fr\/?page_id=3348\">communaut\u00e9s<\/a> (rassemblez-les!) liste les communaut\u00e9s v\u00e9g\u00e9tales par leurs noms phytosociologiques. Liste enrichie des esp\u00e8ces en pr\u00e9sence pour chacune des communaut\u00e9s (travail en cours). Implication donc d&rsquo;une sorte d&rsquo;\u00e9cologie de la plante.<\/li>\n<\/ul>\n\n\n\n<p class=\"has-medium-font-size\">La navigation est encore possible par la fonction \u00ab\u00a0rechercher\u00a0\u00bb<\/p>\n\n\n\n<p class=\"has-medium-font-size\">La Chaine taxonomique, situ\u00e9e en fin de description d&rsquo;esp\u00e8ce, est \u00e9crite en tout petit et permet la navigation de l&rsquo;ordre au genre. Ainsi, par exemple: <a href=\"https:\/\/lecompagnonrouge.fr\/?s=geraniales\">Geraniales<\/a>&gt;&nbsp;<a href=\"https:\/\/lecompagnonrouge.fr\/?s=geraniaceae\">Geraniaceae<\/a>&gt;<a href=\"https:\/\/lecompagnonrouge.fr\/?s=geranium\">Geranium<\/a>&nbsp;rotunidfolium<\/p>\n\n\n\n<h3 class=\"wp-block-heading has-medium-font-size\">Les fiches:<\/h3>\n\n\n\n<p class=\"has-medium-font-size\">Chaque fiche pr\u00e9sente une esp\u00e8ce, en apportant autant que possible le ou les indices photographiques comment\u00e9s. Dans certains cas une fl\u00e8che rouge accompagne pour voir plus rapidement ce qu&rsquo;il importe de regarder. Suite \u00e0 la chaine taxonomique, une partie sur l&rsquo;\u00e9cologie de la plante et parfois sur son \u00e9conomie peut \u00eatre indiqu\u00e9e.<\/p>\n\n\n\n<p class=\"has-medium-font-size\">Les dates de floraisons ne sont pas indiqu\u00e9es. Elles sont devenues fort th\u00e9oriques avec le changement climatique. Elles ne peuvent plus autant qu&rsquo;auparavant servir d&rsquo;indices suppl\u00e9mentaires \u00e0 l&rsquo;identification d&rsquo;une plante.<\/p>\n\n\n\n<h3 class=\"wp-block-heading has-medium-font-size\"><strong>Notes<\/strong><\/h3>\n\n\n\n<p class=\"has-medium-font-size\">Noter que j&rsquo;inclus certains lichens comme si il s&rsquo;agissait de plantes. Ce ne sont bien entendu pas du tout des plantes mais de remarquables aides \u00e0 la perception de la pollut!on ambiante. On appelle parfois les \u00eatres vivants \u00e0 spectres \u00e9cologiques contraints des bio-indicateurs.<\/p>\n\n\n\n<p><\/p>\n\n\n\n<h3 class=\"wp-block-heading has-medium-font-size\"><strong>Par ailleurs, <\/strong><\/h3>\n\n\n\n<p class=\"has-medium-font-size\">Les titres des fiches correspondent aux noms des plantes pr\u00e9sent\u00e9es. Or, parfois, les noms de ces plantes peuvent \u00eatre l&rsquo;objet de discussions actuelles. La solution la plus courante est de reprendre les noms admis dans des r\u00e9f\u00e9rentiels, soit Flora Gallica, soit le site de l&rsquo;INPN-MNHN, soit la Flore bleue en Belgique et dans le d\u00e9partement du Nord (et l\u00e0 il y a des conflits sur les noms attribu\u00e9s).<\/p>\n\n\n\n<p class=\"has-medium-font-size\">J&rsquo;ai choisi d&rsquo;\u00eatre plus joueur. Cela dans l&rsquo;espoir de m&rsquo;\u00e9viter un peu plus de reprendre un nom (donc un titre de fiche) longtemps apr\u00e8s que ce dernier ait pu changer.<\/p>\n\n\n\n<p class=\"has-medium-font-size\">Cela engendre des notions qui peuvent para\u00eetre r\u00e9barbatives. Alors que le nom attribu\u00e9 \u00e0 une esp\u00e8ce, une sous esp\u00e8ce, ou une vari\u00e9t\u00e9 tient classiquement en particulier pour les deux derni\u00e8res \u00e0 leurs distributions g\u00e9ographiques. Aujourd&rsquo;hui, la g\u00e9n\u00e9tique entre en jeu pour aider la d\u00e9finition des rangs concern\u00e9s, etc &#8230; Ainsi que du nom attribuable pour chaque esp\u00e8ce. J&rsquo;ai tendance \u00e0 donner une plus grande importance \u00e0 la g\u00e9n\u00e9tique, ainsi qu&rsquo;\u00e0 la biologie (interf\u00e9condations longtemps viables ou non).<\/p>\n\n\n\n<h3 class=\"wp-block-heading has-medium-font-size\"><strong>D&rsquo;autres parties peuvent para\u00eetre d\u00e9courageantes. <\/strong><\/h3>\n\n\n\n<p class=\"has-medium-font-size\">Pour l&rsquo;instant, j&rsquo;ai tendance \u00e0 ne pas \u00ab\u00a0traduire\u00a0\u00bb la partie \u00e9cologie de la plante. Elle contient en effet d\u00e9j\u00e0 une \u00ab\u00a0traduction\u00a0\u00bb. Sur quelques fiches, jamais au del\u00e0 de la pertinence, des commentaires peuvent \u00eatre donn\u00e9s sur le milieu o\u00f9 j&rsquo;ai photographi\u00e9 la plante. Beaucoup de fiches cependant ont des photos prises en zones hyper urbanis\u00e9es o\u00f9 les communaut\u00e9s de plantes sont r\u00e9guli\u00e8rement totalement \u00e9clat\u00e9es et souvent un peu insuffisantes pour en tirer la moindre petite impression int\u00e9ressante. Quoiqu&rsquo;il en soit, la g\u00e9ologie\/lithographie, lorsque c&rsquo;est indiqu\u00e9: c&rsquo;est indiqu\u00e9 de mani\u00e8re brute. Cependant, r\u00e9guli\u00e8rement je crois, je rappelle l&rsquo;effet en terme d&rsquo;acidit\u00e9 ou de basicit\u00e9 de la roche sur le sol. <\/p>\n\n\n\n<p class=\"has-medium-font-size\">De mani\u00e8re g\u00e9n\u00e9rale plusieurs termes un peu rugueux sont cependant dans le lexique. Ce lexique a pour objet de permettre d&rsquo;entendre la terminologie un peu technique en ce qui concerne la description des plantes, les communaut\u00e9s de plantes (la mani\u00e8re dont diff\u00e9rentes plantes se rassemblent), et incidemment la position de l&rsquo;humain est d\u00e9crite puisqu&rsquo;il manipule tout. <\/p>\n\n\n\n<p class=\"has-medium-font-size\">Ce point me rapproche de \u00ab\u00a0l&rsquo;\u00e9cole bretonne\u00a0\u00bb avec la revue Penn ar Bed. Sont \u00e9galement cit\u00e9s des Pal\u00e9ologues, des arch\u00e9ologues, des ethno-anthropologues. Mon int\u00e9r\u00eat pour les plantes tient au d\u00e9part dans ce point o\u00f9 se travaillent une inter-influence entre des plantes spontan\u00e9es (une partie de la \u00ab\u00a0nature\u00a0\u00bb) et un \u00e9l\u00e9ment capable de beaucoup transformer (\u00e0 savoir, nous, plut\u00f4t que les volcans que je trouve cependant beaux mais de loin)<\/p>\n\n\n\n<p class=\"has-medium-font-size\"><\/p>\n\n\n\n<p><\/p>\n\n\n\n<h3 class=\"wp-block-heading has-medium-font-size\"><strong>Droit sur les images.<\/strong><\/h3>\n\n\n\n<p class=\"has-medium-font-size\">Sauf si l&rsquo;image poss\u00e8de un ast\u00e9risque rouge, les photos sont de moi.<\/p>\n\n\n\n<p class=\"has-medium-font-size\">Toutes les photos que j&rsquo;ai prises sont librement utilisables dans le respect de ces conditions: ne servir aucun but militant, politique, commercial.<\/p>\n\n\n\n<p class=\"has-medium-font-size\">Les autres photos ne sont pas utilisables.<\/p>\n\n\n\n<h3 class=\"wp-block-heading has-medium-font-size\"><strong>Langues<\/strong> <\/h3>\n\n\n\n<p class=\"has-medium-font-size\">Quelques articles sont doubl\u00e9s en un espagnol \u00e0 d\u00e9couper au couteau. Ils sont d\u00e9di\u00e9s \u00e0 la famille d&rsquo;Esteban, et en particulier \u00e0 ce formidable petit Mayu. Ola Mayu!! With a lot of love\ud83d\udc95<\/p>\n\n\n\n<p class=\"has-medium-font-size\">Quelques articles sont \u00e9crit en fran\u00e7ais et en Wolof ou inversement. Il s&rsquo;agit d&rsquo;un Wolof \u00ab\u00a0qui n&rsquo;est pas encore descendu de l&rsquo;arbre\u00a0\u00bb (pour paraphraser le p\u00e2le primate auteur du discours de Dakar). Je m&rsquo;en excuse. J&rsquo;aime le Wolof. On y perds sur le vouvoiement (une caract\u00e9ristique de notre langue romane qui permet sur le plan affectif bien des nuances positives comme n\u00e9gatives). Le wolof peut conjuguer presque tout sauf le verbe. Tout bouge sauf le verbe. Cela me para\u00eet une chose magnifique. Le wolof ne conna\u00eet pas le genre. Pour dire \u00ab\u00a0j&rsquo;ai une fille\u00a0\u00bb. On dit \u00ab\u00a0j&rsquo;ai un enfant\u00a0\u00bb, \u00ab\u00a0elle\/il est &lsquo;fille'\u00a0\u00bb. Voil\u00e0 une chose que je trouve belle. Et qui me touche beaucoup. J&rsquo;aime cette langue. J&rsquo;aime aussi les s\u00e9n\u00e9galais. Mais aussi les Maliens, les vietnamiens, les p\u00e9ruviens, les ivoiriens, les &#8230; Ici, c&rsquo;est la Teranga. On accepte m\u00eame les fascistes (m\u00eame si c&rsquo;est pas pour longtemps).<\/p>\n\n\n\n<h3 class=\"wp-block-heading has-medium-font-size\"><strong>D\u00e9claration l\u00e9gale: un ours en slip.<\/strong><\/h3>\n\n\n\n<p class=\"has-medium-font-size\">Le compagnon rouge est une \u00e9manation du BIDE, Bureau d&rsquo;informations et de d\u00e9terminations des esp\u00e8ces.<\/p>\n\n\n\n<p class=\"has-medium-font-size\">La pr\u00e9sidence honorifique du BIDE revient bien s\u00fbr aux plus jeunes d&rsquo;entre nous, Marcel, Madeleine, Mayu, Niyya, et Wally! Je vous embrasses les enfants!<\/p>\n\n\n\n<p class=\"has-medium-font-size\">Le site est men\u00e9 par ED, avec l&rsquo;aide de temps \u00e0 autres d&rsquo;EA (pour les informations anthropologiques), et par moi-m\u00eame, le principal r\u00e9dacteur.<\/p>\n\n\n\n<p class=\"has-medium-font-size\">En tant que principal r\u00e9dacteur, d\u00e9claration d&rsquo;int\u00e9r\u00eat:<\/p>\n\n\n\n<p class=\"has-medium-font-size\">Je suis un soutien fervent du PASTEF et du pr\u00e9sident Diomaye Faye.<\/p>\n\n\n\n<p><\/p>\n\n\n\n<p class=\"has-text-align-right\">cr\u00e9dits \u00e0: Canon, Fairphone, Bresser, QGIS, Canson &amp; Gimp<\/p>\n\n\n\n<p class=\"has-text-align-right\">Contact: \u00e0 Tra Vinh de pr\u00e9f\u00e9rence<\/p>\n","protected":false},"excerpt":{"rendered":"<p>M\u00e9mo pour la flore rud\u00e9rale ou anthropique De la Manche \u00e0 la Creuse. Objet: Parfois, les d\u00e9buts de saisons pour la botanique r\u00e9clament une attention plus importante &#8230; On a un peu oubli\u00e9. Et la fatigue peut plus vite s&rsquo;exprimer. Un grand nombre d&rsquo;indices, un grand nombre de petits d\u00e9tails en somme, permettent l&rsquo;identification de&#8230;<\/p>\n","protected":false},"author":1,"featured_media":11391,"parent":0,"menu_order":0,"comment_status":"closed","ping_status":"open","template":"","meta":{"footnotes":""},"class_list":["post-2","page","type-page","status-publish","has-post-thumbnail","hentry"],"yoast_head":"<!-- This site is optimized with the Yoast SEO plugin v27.5 - https:\/\/yoast.com\/product\/yoast-seo-wordpress\/ -->\n<title>Le Compagnon rouge. - Le Compagnon rouge<\/title>\n<meta name=\"description\" content=\"Le Compagnon rouge Le Compagnon rouge M\u00e9morandum. Simple m\u00e9mo, botanique - Un site m\u00e9mo pour l&#039;identification botanique.\" \/>\n<meta name=\"robots\" content=\"index, follow, max-snippet:-1, max-image-preview:large, max-video-preview:-1\" \/>\n<link rel=\"canonical\" href=\"https:\/\/lecompagnonrouge.fr\/\" \/>\n<meta property=\"og:locale\" content=\"fr_FR\" \/>\n<meta property=\"og:type\" content=\"article\" \/>\n<meta property=\"og:title\" content=\"Le Compagnon rouge. - Le Compagnon rouge\" \/>\n<meta property=\"og:description\" content=\"Le Compagnon rouge Le Compagnon rouge M\u00e9morandum. Simple m\u00e9mo, botanique - Un site m\u00e9mo pour l&#039;identification botanique.\" \/>\n<meta property=\"og:url\" content=\"https:\/\/lecompagnonrouge.fr\/\" \/>\n<meta property=\"og:site_name\" content=\"Le Compagnon rouge\" \/>\n<meta property=\"article:modified_time\" content=\"2026-03-28T11:09:05+00:00\" \/>\n<meta property=\"og:image\" content=\"https:\/\/lecompagnonrouge.fr\/wp-content\/uploads\/2026\/01\/IMG_3076.jpg\" \/>\n\t<meta property=\"og:image:width\" content=\"850\" \/>\n\t<meta property=\"og:image:height\" content=\"463\" \/>\n\t<meta property=\"og:image:type\" content=\"image\/jpeg\" \/>\n<meta name=\"twitter:card\" content=\"summary_large_image\" \/>\n<meta name=\"twitter:label1\" content=\"Dur\u00e9e de lecture est.\" \/>\n\t<meta name=\"twitter:data1\" content=\"7 minutes\" \/>\n<script type=\"application\/ld+json\" class=\"yoast-schema-graph\">{\"@context\":\"https:\\\/\\\/schema.org\",\"@graph\":[{\"@type\":[\"WebPage\",\"ProfilePage\"],\"@id\":\"https:\\\/\\\/lecompagnonrouge.fr\\\/\",\"url\":\"https:\\\/\\\/lecompagnonrouge.fr\\\/\",\"name\":\"Le Compagnon rouge. - Le Compagnon rouge\",\"isPartOf\":{\"@id\":\"https:\\\/\\\/lecompagnonrouge.fr\\\/#website\"},\"primaryImageOfPage\":{\"@id\":\"https:\\\/\\\/lecompagnonrouge.fr\\\/#primaryimage\"},\"image\":{\"@id\":\"https:\\\/\\\/lecompagnonrouge.fr\\\/#primaryimage\"},\"thumbnailUrl\":\"https:\\\/\\\/lecompagnonrouge.fr\\\/wp-content\\\/uploads\\\/2026\\\/01\\\/IMG_3076.jpg\",\"datePublished\":\"2022-03-12T11:12:34+00:00\",\"dateModified\":\"2026-03-28T11:09:05+00:00\",\"description\":\"Le Compagnon rouge Le Compagnon rouge M\u00e9morandum. Simple m\u00e9mo, botanique - Un site m\u00e9mo pour l'identification botanique.\",\"breadcrumb\":{\"@id\":\"https:\\\/\\\/lecompagnonrouge.fr\\\/#breadcrumb\"},\"inLanguage\":\"fr-BE\",\"potentialAction\":[{\"@type\":\"ReadAction\",\"target\":[\"https:\\\/\\\/lecompagnonrouge.fr\\\/\"]}]},{\"@type\":\"ImageObject\",\"inLanguage\":\"fr-BE\",\"@id\":\"https:\\\/\\\/lecompagnonrouge.fr\\\/#primaryimage\",\"url\":\"https:\\\/\\\/lecompagnonrouge.fr\\\/wp-content\\\/uploads\\\/2026\\\/01\\\/IMG_3076.jpg\",\"contentUrl\":\"https:\\\/\\\/lecompagnonrouge.fr\\\/wp-content\\\/uploads\\\/2026\\\/01\\\/IMG_3076.jpg\",\"width\":850,\"height\":463},{\"@type\":\"BreadcrumbList\",\"@id\":\"https:\\\/\\\/lecompagnonrouge.fr\\\/#breadcrumb\",\"itemListElement\":[{\"@type\":\"ListItem\",\"position\":1,\"name\":\"Accueil\",\"item\":\"https:\\\/\\\/lecompagnonrouge.fr\\\/\"},{\"@type\":\"ListItem\",\"position\":2,\"name\":\"Le Compagnon rouge.\"}]},{\"@type\":\"WebSite\",\"@id\":\"https:\\\/\\\/lecompagnonrouge.fr\\\/#website\",\"url\":\"https:\\\/\\\/lecompagnonrouge.fr\\\/\",\"name\":\"Le Compagnon rouge\",\"description\":\"M\u00e9morandum.\",\"publisher\":{\"@id\":\"https:\\\/\\\/lecompagnonrouge.fr\\\/#\\\/schema\\\/person\\\/0025018a342b92eacca6f1e4c968a154\"},\"potentialAction\":[{\"@type\":\"SearchAction\",\"target\":{\"@type\":\"EntryPoint\",\"urlTemplate\":\"https:\\\/\\\/lecompagnonrouge.fr\\\/?s={search_term_string}\"},\"query-input\":{\"@type\":\"PropertyValueSpecification\",\"valueRequired\":true,\"valueName\":\"search_term_string\"}}],\"inLanguage\":\"fr-BE\"},{\"@type\":[\"Person\",\"Organization\"],\"@id\":\"https:\\\/\\\/lecompagnonrouge.fr\\\/#\\\/schema\\\/person\\\/0025018a342b92eacca6f1e4c968a154\",\"name\":\"R1\",\"image\":{\"@type\":\"ImageObject\",\"inLanguage\":\"fr-BE\",\"@id\":\"https:\\\/\\\/lecompagnonrouge.fr\\\/wp-content\\\/uploads\\\/2022\\\/03\\\/identit.jpg\",\"url\":\"https:\\\/\\\/lecompagnonrouge.fr\\\/wp-content\\\/uploads\\\/2022\\\/03\\\/identit.jpg\",\"contentUrl\":\"https:\\\/\\\/lecompagnonrouge.fr\\\/wp-content\\\/uploads\\\/2022\\\/03\\\/identit.jpg\",\"width\":425,\"height\":545,\"caption\":\"R1\"},\"logo\":{\"@id\":\"https:\\\/\\\/lecompagnonrouge.fr\\\/wp-content\\\/uploads\\\/2022\\\/03\\\/identit.jpg\"},\"mainEntityOfPage\":{\"@id\":\"https:\\\/\\\/lecompagnonrouge.fr\\\/\"},\"sameAs\":[\"http:\\\/\\\/lecompagnonrouge.fr\"]}]}<\/script>\n<!-- \/ Yoast SEO plugin. -->","yoast_head_json":{"title":"Le Compagnon rouge. - Le Compagnon rouge","description":"Le Compagnon rouge Le Compagnon rouge M\u00e9morandum. Simple m\u00e9mo, botanique - Un site m\u00e9mo pour l'identification botanique.","robots":{"index":"index","follow":"follow","max-snippet":"max-snippet:-1","max-image-preview":"max-image-preview:large","max-video-preview":"max-video-preview:-1"},"canonical":"https:\/\/lecompagnonrouge.fr\/","og_locale":"fr_FR","og_type":"article","og_title":"Le Compagnon rouge. - Le Compagnon rouge","og_description":"Le Compagnon rouge Le Compagnon rouge M\u00e9morandum. Simple m\u00e9mo, botanique - Un site m\u00e9mo pour l'identification botanique.","og_url":"https:\/\/lecompagnonrouge.fr\/","og_site_name":"Le Compagnon rouge","article_modified_time":"2026-03-28T11:09:05+00:00","og_image":[{"width":850,"height":463,"url":"https:\/\/lecompagnonrouge.fr\/wp-content\/uploads\/2026\/01\/IMG_3076.jpg","type":"image\/jpeg"}],"twitter_card":"summary_large_image","twitter_misc":{"Dur\u00e9e de lecture est.":"7 minutes"},"schema":{"@context":"https:\/\/schema.org","@graph":[{"@type":["WebPage","ProfilePage"],"@id":"https:\/\/lecompagnonrouge.fr\/","url":"https:\/\/lecompagnonrouge.fr\/","name":"Le Compagnon rouge. - Le Compagnon rouge","isPartOf":{"@id":"https:\/\/lecompagnonrouge.fr\/#website"},"primaryImageOfPage":{"@id":"https:\/\/lecompagnonrouge.fr\/#primaryimage"},"image":{"@id":"https:\/\/lecompagnonrouge.fr\/#primaryimage"},"thumbnailUrl":"https:\/\/lecompagnonrouge.fr\/wp-content\/uploads\/2026\/01\/IMG_3076.jpg","datePublished":"2022-03-12T11:12:34+00:00","dateModified":"2026-03-28T11:09:05+00:00","description":"Le Compagnon rouge Le Compagnon rouge M\u00e9morandum. Simple m\u00e9mo, botanique - Un site m\u00e9mo pour l'identification botanique.","breadcrumb":{"@id":"https:\/\/lecompagnonrouge.fr\/#breadcrumb"},"inLanguage":"fr-BE","potentialAction":[{"@type":"ReadAction","target":["https:\/\/lecompagnonrouge.fr\/"]}]},{"@type":"ImageObject","inLanguage":"fr-BE","@id":"https:\/\/lecompagnonrouge.fr\/#primaryimage","url":"https:\/\/lecompagnonrouge.fr\/wp-content\/uploads\/2026\/01\/IMG_3076.jpg","contentUrl":"https:\/\/lecompagnonrouge.fr\/wp-content\/uploads\/2026\/01\/IMG_3076.jpg","width":850,"height":463},{"@type":"BreadcrumbList","@id":"https:\/\/lecompagnonrouge.fr\/#breadcrumb","itemListElement":[{"@type":"ListItem","position":1,"name":"Accueil","item":"https:\/\/lecompagnonrouge.fr\/"},{"@type":"ListItem","position":2,"name":"Le Compagnon rouge."}]},{"@type":"WebSite","@id":"https:\/\/lecompagnonrouge.fr\/#website","url":"https:\/\/lecompagnonrouge.fr\/","name":"Le Compagnon rouge","description":"M\u00e9morandum.","publisher":{"@id":"https:\/\/lecompagnonrouge.fr\/#\/schema\/person\/0025018a342b92eacca6f1e4c968a154"},"potentialAction":[{"@type":"SearchAction","target":{"@type":"EntryPoint","urlTemplate":"https:\/\/lecompagnonrouge.fr\/?s={search_term_string}"},"query-input":{"@type":"PropertyValueSpecification","valueRequired":true,"valueName":"search_term_string"}}],"inLanguage":"fr-BE"},{"@type":["Person","Organization"],"@id":"https:\/\/lecompagnonrouge.fr\/#\/schema\/person\/0025018a342b92eacca6f1e4c968a154","name":"R1","image":{"@type":"ImageObject","inLanguage":"fr-BE","@id":"https:\/\/lecompagnonrouge.fr\/wp-content\/uploads\/2022\/03\/identit.jpg","url":"https:\/\/lecompagnonrouge.fr\/wp-content\/uploads\/2022\/03\/identit.jpg","contentUrl":"https:\/\/lecompagnonrouge.fr\/wp-content\/uploads\/2022\/03\/identit.jpg","width":425,"height":545,"caption":"R1"},"logo":{"@id":"https:\/\/lecompagnonrouge.fr\/wp-content\/uploads\/2022\/03\/identit.jpg"},"mainEntityOfPage":{"@id":"https:\/\/lecompagnonrouge.fr\/"},"sameAs":["http:\/\/lecompagnonrouge.fr"]}]}},"_links":{"self":[{"href":"https:\/\/lecompagnonrouge.fr\/index.php?rest_route=\/wp\/v2\/pages\/2","targetHints":{"allow":["GET"]}}],"collection":[{"href":"https:\/\/lecompagnonrouge.fr\/index.php?rest_route=\/wp\/v2\/pages"}],"about":[{"href":"https:\/\/lecompagnonrouge.fr\/index.php?rest_route=\/wp\/v2\/types\/page"}],"author":[{"embeddable":true,"href":"https:\/\/lecompagnonrouge.fr\/index.php?rest_route=\/wp\/v2\/users\/1"}],"replies":[{"embeddable":true,"href":"https:\/\/lecompagnonrouge.fr\/index.php?rest_route=%2Fwp%2Fv2%2Fcomments&post=2"}],"version-history":[{"count":148,"href":"https:\/\/lecompagnonrouge.fr\/index.php?rest_route=\/wp\/v2\/pages\/2\/revisions"}],"predecessor-version":[{"id":11397,"href":"https:\/\/lecompagnonrouge.fr\/index.php?rest_route=\/wp\/v2\/pages\/2\/revisions\/11397"}],"wp:featuredmedia":[{"embeddable":true,"href":"https:\/\/lecompagnonrouge.fr\/index.php?rest_route=\/wp\/v2\/media\/11391"}],"wp:attachment":[{"href":"https:\/\/lecompagnonrouge.fr\/index.php?rest_route=%2Fwp%2Fv2%2Fmedia&parent=2"}],"curies":[{"name":"wp","href":"https:\/\/api.w.org\/{rel}","templated":true}]}}